{"id":2940,"date":"2020-11-27T07:32:41","date_gmt":"2020-11-27T06:32:41","guid":{"rendered":"https:\/\/hob.aedesit.com\/unsere-tarife\/"},"modified":"2025-12-18T13:17:28","modified_gmt":"2025-12-18T11:17:28","slug":"unsere-tarife-immobilien-luxemburg","status":"publish","type":"page","link":"https:\/\/hob.lu\/de\/unsere-tarife-immobilien-luxemburg\/","title":{"rendered":"Unsere Tarife"},"content":{"rendered":"\n<h2 class=\"wp-block-heading\">Der Verkauf<\/h2>\n\n\n\n<p>In Luxemburg ist es \u00fcblich, dass der Kunde, der sich an einen \nImmobilienmakler wendet, zur Zahlung der Provision verpflichtet ist. In \nder Regel ist die Vermittlungsgeb\u00fchr vom Verk\u00e4ufer zu zahlen, da der \nVerk\u00e4ufer den Verkaufsauftrag mit der Agentur unterzeichnet.<\/p>\n\n\n\n<p>Da die Dienstleistung des Maklers jedoch nicht nur f\u00fcr den Verk\u00e4ufer,\n sondern auch f\u00fcr den K\u00e4ufer erbracht wird, kann eine Aufteilung der \nProvision in Betracht gezogen werden.<\/p>\n\n\n\n<p>Folglich kann in einer Anzeige folgender Wortlaut angegeben werden: \nVerkaufspreis 400.000\u20ac, die Vermittlungsgeb\u00fchren werden dem Verk\u00e4ufer in\n Rechnung gestellt.<\/p>\n\n\n\n<p>Eine vom K\u00e4ufer zu zahlende Provision kann auch vorgesehen werden,  wenn der K\u00e4ufer einen Suchauftrag unterzeichnet. Unsere Provisionen f\u00fcr  den Verkauf von Immobilien aller Art belaufen sich auf: 3 % + MwSt 17  %.<\/p>\n\n\n\n<h2 class=\"wp-block-heading\">Die Vermietung von Immobilien und Gesch\u00e4ftsr\u00e4umen<\/h2>\n\n\n\n<p>Die Vermittlungsgeb\u00fchren richten sich nach der H\u00f6he der monatlichen <strong>Kaltmiete<\/strong>: Bei Wohn- oder Gewerbemietvertr\u00e4gen mit einer Kaltmiete bis einschlie\u00dflich 750,00 \u20ac betr\u00e4gt die Provision <strong>2 Monatskaltmieten zuz\u00fcglich gesetzlicher Mehrwertsteuer<\/strong>, mit einer <strong>Obergrenze von 750,00 \u20ac zzgl. MwSt.<\/strong> <\/p>\n\n\n\n<p>Liegt die Kaltmiete \u00fcber 750,00 \u20ac, f\u00e4llt eine <strong>Provision in H\u00f6he von 1 Monatskaltmiete zuz\u00fcglich gesetzlicher Mehrwertsteuer<\/strong> an.<\/p>\n\n\n\n<p><strong>Aufteilung der Maklerprovision:<\/strong> Bei Wohnraummietvertr\u00e4gen erfolgt die Teilung der Provision gesetzlich vorgeschrieben zu gleichen Teilen (<strong>50\/50<\/strong>) zwischen Vermieter und Mieter. Bei Gewerbemietvertr\u00e4gen kann die Aufteilung der Provision frei zwischen den Parteien vereinbart werden.<\/p>\n\n\n\n<p>F\u00fcr jede Anpassung von Dokumenten im Zusammenhang mit einer Vermietung, bel\u00e4uft sich das Honorar auf 150,- \u20ac + MwSt 17 %. Sie ist von demjenigen zu zahlen, der der Agentur einen Auftrag erteilt hat.<\/p>\n\n\n\n<h2 class=\"wp-block-heading\">Der Ortsbefund<\/h2>\n\n\n\n<p>Die Geb\u00fchr f\u00fcr einen Ortsbefund betr\u00e4gt eine Monatsmiete + MwSt 17%.<br>Sie ist von demjenigen zu zahlen, der der Agentur einen Auftrag erteilt hat  (der Ortsbefund wird nicht in Rechnung gestellt, wenn ein Mietvertrag  unterzeichnet wurde).<\/p>\n\n\n\n<h2 class=\"wp-block-heading\">Die Bewertung einer Immobilie<\/h2>\n\n\n\n<p>Die Bewertung ist kostenlos, wenn der Kunde ein Verkaufsmandat unterzeichnet.<br>Nimmt  der Kunde die Dienste der Agentur lediglich in Anspruch, um die  Immobilie begutachten zu lassen, bel\u00e4uft sich das Honorar (ohne  schriftliche Best\u00e4tigung) auf 250,- \u20ac + MwSt 17 %.<\/p>\n\n\n\n<h2 class=\"wp-block-heading\">Die schriftliche Immobilienbewertung<\/h2>\n\n\n\n<p>Die Geb\u00fchr f\u00fcr eine schriftliche Immobilienbewertung betr\u00e4gt 500,- \u20ac + MwSt 17 %.<\/p>\n","protected":false},"excerpt":{"rendered":"<p>Der Verkauf In Luxemburg ist es \u00fcblich, dass der Kunde, [&hellip;]<\/p>\n","protected":false},"author":1,"featured_media":3227,"parent":0,"menu_order":0,"comment_status":"closed","ping_status":"closed","template":"","meta":{"_acf_changed":false,"footnotes":""},"class_list":["post-2940","page","type-page","status-publish","has-post-thumbnail","hentry"],"acf":[],"yoast_head":"<!-- This site is optimized with the Yoast SEO plugin v27.3 - https:\/\/yoast.com\/product\/yoast-seo-wordpress\/ -->\n<title>Unsere Tarife - HOB Real Estate - HOB Real Estate<\/title>\n<meta name=\"robots\" content=\"index, follow, max-snippet:-1, max-image-preview:large, max-video-preview:-1\" \/>\n<link rel=\"canonical\" href=\"https:\/\/hob.lu\/de\/unsere-tarife-immobilien-luxemburg\/\" \/>\n<meta property=\"og:locale\" content=\"de_DE\" \/>\n<meta property=\"og:type\" content=\"article\" \/>\n<meta property=\"og:title\" content=\"Unsere Tarife - HOB Real Estate\" \/>\n<meta property=\"og:description\" content=\"Der Verkauf In Luxemburg ist es \u00fcblich, dass der Kunde, [&hellip;]\" \/>\n<meta property=\"og:url\" content=\"https:\/\/hob.lu\/de\/unsere-tarife-immobilien-luxemburg\/\" \/>\n<meta property=\"og:site_name\" content=\"HOB Real Estate\" \/>\n<meta property=\"article:modified_time\" content=\"2025-12-18T11:17:28+00:00\" \/>\n<meta property=\"og:image\" content=\"https:\/\/hob.lu\/wp-content\/uploads\/TL0251-084.jpg\" \/>\n\t<meta property=\"og:image:width\" content=\"1800\" \/>\n\t<meta property=\"og:image:height\" content=\"1200\" \/>\n\t<meta property=\"og:image:type\" content=\"image\/jpeg\" \/>\n<meta name=\"twitter:card\" content=\"summary_large_image\" \/>\n<meta name=\"twitter:label1\" content=\"Gesch\u00e4tzte Lesezeit\" \/>\n\t<meta name=\"twitter:data1\" content=\"2\u00a0Minute\" \/>\n<script type=\"application\/ld+json\" class=\"yoast-schema-graph\">{\"@context\":\"https:\\\/\\\/schema.org\",\"@graph\":[{\"@type\":\"WebPage\",\"@id\":\"https:\\\/\\\/hob.lu\\\/de\\\/unsere-tarife-immobilien-luxemburg\\\/\",\"url\":\"https:\\\/\\\/hob.lu\\\/de\\\/unsere-tarife-immobilien-luxemburg\\\/\",\"name\":\"Unsere Tarife - HOB Real Estate\",\"isPartOf\":{\"@id\":\"https:\\\/\\\/hob.lu\\\/#website\"},\"primaryImageOfPage\":{\"@id\":\"https:\\\/\\\/hob.lu\\\/de\\\/unsere-tarife-immobilien-luxemburg\\\/#primaryimage\"},\"image\":{\"@id\":\"https:\\\/\\\/hob.lu\\\/de\\\/unsere-tarife-immobilien-luxemburg\\\/#primaryimage\"},\"thumbnailUrl\":\"https:\\\/\\\/hob.lu\\\/wp-content\\\/uploads\\\/TL0251-084.jpg\",\"datePublished\":\"2020-11-27T06:32:41+00:00\",\"dateModified\":\"2025-12-18T11:17:28+00:00\",\"breadcrumb\":{\"@id\":\"https:\\\/\\\/hob.lu\\\/de\\\/unsere-tarife-immobilien-luxemburg\\\/#breadcrumb\"},\"inLanguage\":\"de\",\"potentialAction\":[{\"@type\":\"ReadAction\",\"target\":[\"https:\\\/\\\/hob.lu\\\/de\\\/unsere-tarife-immobilien-luxemburg\\\/\"]}]},{\"@type\":\"ImageObject\",\"inLanguage\":\"de\",\"@id\":\"https:\\\/\\\/hob.lu\\\/de\\\/unsere-tarife-immobilien-luxemburg\\\/#primaryimage\",\"url\":\"https:\\\/\\\/hob.lu\\\/wp-content\\\/uploads\\\/TL0251-084.jpg\",\"contentUrl\":\"https:\\\/\\\/hob.lu\\\/wp-content\\\/uploads\\\/TL0251-084.jpg\",\"width\":1800,\"height\":1200},{\"@type\":\"BreadcrumbList\",\"@id\":\"https:\\\/\\\/hob.lu\\\/de\\\/unsere-tarife-immobilien-luxemburg\\\/#breadcrumb\",\"itemListElement\":[{\"@type\":\"ListItem\",\"position\":1,\"name\":\"Accueil\",\"item\":\"https:\\\/\\\/hob.lu\\\/de\\\/\"},{\"@type\":\"ListItem\",\"position\":2,\"name\":\"Unsere Tarife\"}]},{\"@type\":\"WebSite\",\"@id\":\"https:\\\/\\\/hob.lu\\\/#website\",\"url\":\"https:\\\/\\\/hob.lu\\\/\",\"name\":\"HOB Real Estate\",\"description\":\"\",\"publisher\":{\"@id\":\"https:\\\/\\\/hob.lu\\\/#organization\"},\"potentialAction\":[{\"@type\":\"SearchAction\",\"target\":{\"@type\":\"EntryPoint\",\"urlTemplate\":\"https:\\\/\\\/hob.lu\\\/?s={search_term_string}\"},\"query-input\":{\"@type\":\"PropertyValueSpecification\",\"valueRequired\":true,\"valueName\":\"search_term_string\"}}],\"inLanguage\":\"de\"},{\"@type\":\"Organization\",\"@id\":\"https:\\\/\\\/hob.lu\\\/#organization\",\"name\":\"Hom & Office Building\",\"url\":\"https:\\\/\\\/hob.lu\\\/\",\"logo\":{\"@type\":\"ImageObject\",\"inLanguage\":\"de\",\"@id\":\"https:\\\/\\\/hob.lu\\\/#\\\/schema\\\/logo\\\/image\\\/\",\"url\":\"https:\\\/\\\/hob.lu\\\/wp-content\\\/uploads\\\/HOB_logo.jpg\",\"contentUrl\":\"https:\\\/\\\/hob.lu\\\/wp-content\\\/uploads\\\/HOB_logo.jpg\",\"width\":534,\"height\":189,\"caption\":\"Hom & Office Building\"},\"image\":{\"@id\":\"https:\\\/\\\/hob.lu\\\/#\\\/schema\\\/logo\\\/image\\\/\"}}]}<\/script>\n<!-- \/ Yoast SEO plugin. -->","yoast_head_json":{"title":"Unsere Tarife - HOB Real Estate - HOB Real Estate","robots":{"index":"index","follow":"follow","max-snippet":"max-snippet:-1","max-image-preview":"max-image-preview:large","max-video-preview":"max-video-preview:-1"},"canonical":"https:\/\/hob.lu\/de\/unsere-tarife-immobilien-luxemburg\/","og_locale":"de_DE","og_type":"article","og_title":"Unsere Tarife - HOB Real Estate","og_description":"Der Verkauf In Luxemburg ist es \u00fcblich, dass der Kunde, [&hellip;]","og_url":"https:\/\/hob.lu\/de\/unsere-tarife-immobilien-luxemburg\/","og_site_name":"HOB Real Estate","article_modified_time":"2025-12-18T11:17:28+00:00","og_image":[{"width":1800,"height":1200,"url":"https:\/\/hob.lu\/wp-content\/uploads\/TL0251-084.jpg","type":"image\/jpeg"}],"twitter_card":"summary_large_image","twitter_misc":{"Gesch\u00e4tzte Lesezeit":"2\u00a0Minute"},"schema":{"@context":"https:\/\/schema.org","@graph":[{"@type":"WebPage","@id":"https:\/\/hob.lu\/de\/unsere-tarife-immobilien-luxemburg\/","url":"https:\/\/hob.lu\/de\/unsere-tarife-immobilien-luxemburg\/","name":"Unsere Tarife - HOB Real Estate","isPartOf":{"@id":"https:\/\/hob.lu\/#website"},"primaryImageOfPage":{"@id":"https:\/\/hob.lu\/de\/unsere-tarife-immobilien-luxemburg\/#primaryimage"},"image":{"@id":"https:\/\/hob.lu\/de\/unsere-tarife-immobilien-luxemburg\/#primaryimage"},"thumbnailUrl":"https:\/\/hob.lu\/wp-content\/uploads\/TL0251-084.jpg","datePublished":"2020-11-27T06:32:41+00:00","dateModified":"2025-12-18T11:17:28+00:00","breadcrumb":{"@id":"https:\/\/hob.lu\/de\/unsere-tarife-immobilien-luxemburg\/#breadcrumb"},"inLanguage":"de","potentialAction":[{"@type":"ReadAction","target":["https:\/\/hob.lu\/de\/unsere-tarife-immobilien-luxemburg\/"]}]},{"@type":"ImageObject","inLanguage":"de","@id":"https:\/\/hob.lu\/de\/unsere-tarife-immobilien-luxemburg\/#primaryimage","url":"https:\/\/hob.lu\/wp-content\/uploads\/TL0251-084.jpg","contentUrl":"https:\/\/hob.lu\/wp-content\/uploads\/TL0251-084.jpg","width":1800,"height":1200},{"@type":"BreadcrumbList","@id":"https:\/\/hob.lu\/de\/unsere-tarife-immobilien-luxemburg\/#breadcrumb","itemListElement":[{"@type":"ListItem","position":1,"name":"Accueil","item":"https:\/\/hob.lu\/de\/"},{"@type":"ListItem","position":2,"name":"Unsere Tarife"}]},{"@type":"WebSite","@id":"https:\/\/hob.lu\/#website","url":"https:\/\/hob.lu\/","name":"HOB Real Estate","description":"","publisher":{"@id":"https:\/\/hob.lu\/#organization"},"potentialAction":[{"@type":"SearchAction","target":{"@type":"EntryPoint","urlTemplate":"https:\/\/hob.lu\/?s={search_term_string}"},"query-input":{"@type":"PropertyValueSpecification","valueRequired":true,"valueName":"search_term_string"}}],"inLanguage":"de"},{"@type":"Organization","@id":"https:\/\/hob.lu\/#organization","name":"Hom & Office Building","url":"https:\/\/hob.lu\/","logo":{"@type":"ImageObject","inLanguage":"de","@id":"https:\/\/hob.lu\/#\/schema\/logo\/image\/","url":"https:\/\/hob.lu\/wp-content\/uploads\/HOB_logo.jpg","contentUrl":"https:\/\/hob.lu\/wp-content\/uploads\/HOB_logo.jpg","width":534,"height":189,"caption":"Hom & Office Building"},"image":{"@id":"https:\/\/hob.lu\/#\/schema\/logo\/image\/"}}]}},"_links":{"self":[{"href":"https:\/\/hob.lu\/de\/wp-json\/wp\/v2\/pages\/2940","targetHints":{"allow":["GET"]}}],"collection":[{"href":"https:\/\/hob.lu\/de\/wp-json\/wp\/v2\/pages"}],"about":[{"href":"https:\/\/hob.lu\/de\/wp-json\/wp\/v2\/types\/page"}],"author":[{"embeddable":true,"href":"https:\/\/hob.lu\/de\/wp-json\/wp\/v2\/users\/1"}],"replies":[{"embeddable":true,"href":"https:\/\/hob.lu\/de\/wp-json\/wp\/v2\/comments?post=2940"}],"version-history":[{"count":2,"href":"https:\/\/hob.lu\/de\/wp-json\/wp\/v2\/pages\/2940\/revisions"}],"predecessor-version":[{"id":10511,"href":"https:\/\/hob.lu\/de\/wp-json\/wp\/v2\/pages\/2940\/revisions\/10511"}],"wp:featuredmedia":[{"embeddable":true,"href":"https:\/\/hob.lu\/de\/wp-json\/wp\/v2\/media\/3227"}],"wp:attachment":[{"href":"https:\/\/hob.lu\/de\/wp-json\/wp\/v2\/media?parent=2940"}],"curies":[{"name":"wp","href":"https:\/\/api.w.org\/{rel}","templated":true}]}}