{"id":1186,"date":"2020-03-27T08:39:51","date_gmt":"2020-03-27T07:39:51","guid":{"rendered":"https:\/\/hob.aedesit.com\/le-proprietaire\/"},"modified":"2023-09-11T14:31:58","modified_gmt":"2023-09-11T12:31:58","slug":"eigentumer","status":"publish","type":"page","link":"https:\/\/hob.lu\/de\/eigentumer\/","title":{"rendered":"Eigent\u00fcmer"},"content":{"rendered":"\n<h1 class=\"wp-block-heading\"><strong>Betreuung von A bis Z: Immobilien verkaufen und vermieten mit HOB<\/strong><\/h1>\n\n\n\n<h2 class=\"wp-block-heading\"><strong><strong>Individuelle Beratung f\u00fcr Privatpersonen \u2013 wir wissen den wahren Wert Ihres Hauses zu sch\u00e4tzen<\/strong><\/strong><\/h2>\n\n\n\n<p>Sie haben das Gef\u00fchl, dass es an der Zeit ist, weiterzuziehen und sich neuen Projekten zu widmen. Doch sind Sie bereit, Ihr Haus zu verkaufen oder zu vermieten? Schlie\u00dflich steckt so viel Geschichte in diesen vier W\u00e4nden. Es ist nicht nur der liebste, sondern oftmals auch der teuerste Besitz, den Sie Ihr Eigen nennen. Zudem gibt es zahlreiche Punkte, die es im Falle eines Immobilienverkaufs zu ber\u00fccksichtigen gilt. Mit HOB steht Ihnen ein starker Partner zur Seite, der Sie w\u00e4hrend der gesamten Projektabwicklung kompetent und zuverl\u00e4ssig unterst\u00fctzt. Wir helfen Ihnen dabei, stets den \u00dcberblick zu behalten und den idealen Preis f\u00fcr Ihre Immobilie zu erzielen. Hierzu sch\u00e4tzen wir nicht nur den reellen Wert Ihres Eigentums, sondern erstellen ebenso ein werbewirksames Expos\u00e9 f\u00fcr eine ansprechende Pr\u00e4sentation.<\/p>\n\n\n\n<figure class=\"wp-block-gallery has-nested-images columns-default is-cropped wp-block-gallery-1 is-layout-flex wp-block-gallery-is-layout-flex\">\n<figure class=\"wp-block-image size-large\"><img loading=\"lazy\" decoding=\"async\" width=\"1024\" height=\"768\" data-id=\"8293\" src=\"https:\/\/hob.lu\/wp-content\/uploads\/Cuisine-1-1024x768.jpg\" alt=\"\" class=\"wp-image-8293\" srcset=\"https:\/\/hob.lu\/wp-content\/uploads\/Cuisine-1-1024x768.jpg 1024w, https:\/\/hob.lu\/wp-content\/uploads\/Cuisine-1-600x450.jpg 600w, https:\/\/hob.lu\/wp-content\/uploads\/Cuisine-1-768x576.jpg 768w, https:\/\/hob.lu\/wp-content\/uploads\/Cuisine-1-1536x1152.jpg 1536w, https:\/\/hob.lu\/wp-content\/uploads\/Cuisine-1.jpg 1920w\" sizes=\"auto, (max-width: 1024px) 100vw, 1024px\" \/><\/figure>\n\n\n\n<figure class=\"wp-block-image size-large\"><img loading=\"lazy\" decoding=\"async\" width=\"1024\" height=\"768\" data-id=\"8291\" src=\"https:\/\/hob.lu\/wp-content\/uploads\/Salon-1-1024x768.jpg\" alt=\"\" class=\"wp-image-8291\" srcset=\"https:\/\/hob.lu\/wp-content\/uploads\/Salon-1-1024x768.jpg 1024w, https:\/\/hob.lu\/wp-content\/uploads\/Salon-1-600x450.jpg 600w, https:\/\/hob.lu\/wp-content\/uploads\/Salon-1-768x576.jpg 768w, https:\/\/hob.lu\/wp-content\/uploads\/Salon-1-1536x1152.jpg 1536w, https:\/\/hob.lu\/wp-content\/uploads\/Salon-1.jpg 1920w\" sizes=\"auto, (max-width: 1024px) 100vw, 1024px\" \/><\/figure>\n<\/figure>\n\n\n\n<h2 class=\"wp-block-heading\"><strong><strong>Seri\u00f6s, transparent und professionell: das Full-Service-Paket f\u00fcr Immobilieneigent\u00fcmer<\/strong><\/strong><\/h2>\n\n\n\n<p>Wir, bei Home &amp; Office Building sind stolz darauf, mit unserem engagierten Team den Verkauf oder die Vermietung Ihrer R\u00e4umlichkeiten zu begleiten. Dank mehrj\u00e4hriger Erfahrung bei der Transaktion von Immobilien unterschiedlichster Gr\u00f6\u00dfen verf\u00fcgen unsere Experten \u00fcber eine weitreichende Kenntnis des luxemburgischen Immobiliensektors. So k\u00f6nnen selbst komplexe Verk\u00e4ufe zielf\u00fchrend abgewickelt werden. Vom Erstellen der Baubeschreibung \u00fcber die Beantragung staatlicher Beihilfen bis hin zur Umsatzsteuerr\u00fcckerstattung: Unser Team k\u00fcmmert sich umfassend um die finanziellen sowie administrativen Aufgaben Ihres Hausverkaufs. All unsere Mitarbeiter und Partner haben eine Leidenschaft f\u00fcr Immobilien und setzen sich daf\u00fcr ein, Ihnen einen vollumfassenden Service zu bieten. Fair und ehrlich: Vertrauen Sie bei der Ver\u00e4u\u00dferung Ihrer Immobilie auf das Know-how von HOB.<\/p>\n","protected":false},"excerpt":{"rendered":"<p>Betreuung von A bis Z: Immobilien verkaufen und vermieten mit [&hellip;]<\/p>\n","protected":false},"author":1,"featured_media":7136,"parent":0,"menu_order":0,"comment_status":"closed","ping_status":"closed","template":"","meta":{"_acf_changed":false,"footnotes":""},"class_list":["post-1186","page","type-page","status-publish","has-post-thumbnail","hentry"],"acf":[],"yoast_head":"<!-- This site is optimized with the Yoast SEO plugin v27.3 - https:\/\/yoast.com\/product\/yoast-seo-wordpress\/ -->\n<title>HOB Luxemburg \u2013 Immobilienservice nach Ma\u00df - HOB Real Estate<\/title>\n<meta name=\"description\" content=\"Individuelle Projektentwicklung mit Home &amp; Office Building Luxemburg: Profitieren Sie von unserem Know-how f\u00fcr Ihre Immobilie.\" \/>\n<meta name=\"robots\" content=\"index, follow, max-snippet:-1, max-image-preview:large, max-video-preview:-1\" \/>\n<link rel=\"canonical\" href=\"https:\/\/hob.lu\/de\/eigentumer\/\" \/>\n<meta property=\"og:locale\" content=\"de_DE\" \/>\n<meta property=\"og:type\" content=\"article\" \/>\n<meta property=\"og:title\" content=\"HOB Luxemburg \u2013 Immobilienservice nach Ma\u00df\" \/>\n<meta property=\"og:description\" content=\"Individuelle Projektentwicklung mit Home &amp; Office Building Luxemburg: Profitieren Sie von unserem Know-how f\u00fcr Ihre Immobilie.\" \/>\n<meta property=\"og:url\" content=\"https:\/\/hob.lu\/de\/eigentumer\/\" \/>\n<meta property=\"og:site_name\" content=\"HOB Real Estate\" \/>\n<meta property=\"article:modified_time\" content=\"2023-09-11T12:31:58+00:00\" \/>\n<meta property=\"og:image\" content=\"https:\/\/hob.lu\/wp-content\/uploads\/3-9-scaled.jpg\" \/>\n\t<meta property=\"og:image:width\" content=\"2560\" \/>\n\t<meta property=\"og:image:height\" content=\"1536\" \/>\n\t<meta property=\"og:image:type\" content=\"image\/jpeg\" \/>\n<meta name=\"twitter:card\" content=\"summary_large_image\" \/>\n<meta name=\"twitter:label1\" content=\"Gesch\u00e4tzte Lesezeit\" \/>\n\t<meta name=\"twitter:data1\" content=\"2\u00a0Minute\" \/>\n<script type=\"application\/ld+json\" class=\"yoast-schema-graph\">{\"@context\":\"https:\\\/\\\/schema.org\",\"@graph\":[{\"@type\":\"WebPage\",\"@id\":\"https:\\\/\\\/hob.lu\\\/de\\\/eigentumer\\\/\",\"url\":\"https:\\\/\\\/hob.lu\\\/de\\\/eigentumer\\\/\",\"name\":\"HOB Luxemburg \u2013 Immobilienservice nach Ma\u00df\",\"isPartOf\":{\"@id\":\"https:\\\/\\\/hob.lu\\\/#website\"},\"primaryImageOfPage\":{\"@id\":\"https:\\\/\\\/hob.lu\\\/de\\\/eigentumer\\\/#primaryimage\"},\"image\":{\"@id\":\"https:\\\/\\\/hob.lu\\\/de\\\/eigentumer\\\/#primaryimage\"},\"thumbnailUrl\":\"https:\\\/\\\/hob.lu\\\/wp-content\\\/uploads\\\/3-9-scaled.jpg\",\"datePublished\":\"2020-03-27T07:39:51+00:00\",\"dateModified\":\"2023-09-11T12:31:58+00:00\",\"description\":\"Individuelle Projektentwicklung mit Home & Office Building Luxemburg: Profitieren Sie von unserem Know-how f\u00fcr Ihre Immobilie.\",\"breadcrumb\":{\"@id\":\"https:\\\/\\\/hob.lu\\\/de\\\/eigentumer\\\/#breadcrumb\"},\"inLanguage\":\"de\",\"potentialAction\":[{\"@type\":\"ReadAction\",\"target\":[\"https:\\\/\\\/hob.lu\\\/de\\\/eigentumer\\\/\"]}]},{\"@type\":\"ImageObject\",\"inLanguage\":\"de\",\"@id\":\"https:\\\/\\\/hob.lu\\\/de\\\/eigentumer\\\/#primaryimage\",\"url\":\"https:\\\/\\\/hob.lu\\\/wp-content\\\/uploads\\\/3-9-scaled.jpg\",\"contentUrl\":\"https:\\\/\\\/hob.lu\\\/wp-content\\\/uploads\\\/3-9-scaled.jpg\",\"width\":2560,\"height\":1536},{\"@type\":\"BreadcrumbList\",\"@id\":\"https:\\\/\\\/hob.lu\\\/de\\\/eigentumer\\\/#breadcrumb\",\"itemListElement\":[{\"@type\":\"ListItem\",\"position\":1,\"name\":\"Accueil\",\"item\":\"https:\\\/\\\/hob.lu\\\/de\\\/\"},{\"@type\":\"ListItem\",\"position\":2,\"name\":\"Eigent\u00fcmer\"}]},{\"@type\":\"WebSite\",\"@id\":\"https:\\\/\\\/hob.lu\\\/#website\",\"url\":\"https:\\\/\\\/hob.lu\\\/\",\"name\":\"HOB Real Estate\",\"description\":\"\",\"publisher\":{\"@id\":\"https:\\\/\\\/hob.lu\\\/#organization\"},\"potentialAction\":[{\"@type\":\"SearchAction\",\"target\":{\"@type\":\"EntryPoint\",\"urlTemplate\":\"https:\\\/\\\/hob.lu\\\/?s={search_term_string}\"},\"query-input\":{\"@type\":\"PropertyValueSpecification\",\"valueRequired\":true,\"valueName\":\"search_term_string\"}}],\"inLanguage\":\"de\"},{\"@type\":\"Organization\",\"@id\":\"https:\\\/\\\/hob.lu\\\/#organization\",\"name\":\"Hom & Office Building\",\"url\":\"https:\\\/\\\/hob.lu\\\/\",\"logo\":{\"@type\":\"ImageObject\",\"inLanguage\":\"de\",\"@id\":\"https:\\\/\\\/hob.lu\\\/#\\\/schema\\\/logo\\\/image\\\/\",\"url\":\"https:\\\/\\\/hob.lu\\\/wp-content\\\/uploads\\\/HOB_logo.jpg\",\"contentUrl\":\"https:\\\/\\\/hob.lu\\\/wp-content\\\/uploads\\\/HOB_logo.jpg\",\"width\":534,\"height\":189,\"caption\":\"Hom & Office Building\"},\"image\":{\"@id\":\"https:\\\/\\\/hob.lu\\\/#\\\/schema\\\/logo\\\/image\\\/\"}}]}<\/script>\n<!-- \/ Yoast SEO plugin. -->","yoast_head_json":{"title":"HOB Luxemburg \u2013 Immobilienservice nach Ma\u00df - HOB Real Estate","description":"Individuelle Projektentwicklung mit Home & Office Building Luxemburg: Profitieren Sie von unserem Know-how f\u00fcr Ihre Immobilie.","robots":{"index":"index","follow":"follow","max-snippet":"max-snippet:-1","max-image-preview":"max-image-preview:large","max-video-preview":"max-video-preview:-1"},"canonical":"https:\/\/hob.lu\/de\/eigentumer\/","og_locale":"de_DE","og_type":"article","og_title":"HOB Luxemburg \u2013 Immobilienservice nach Ma\u00df","og_description":"Individuelle Projektentwicklung mit Home & Office Building Luxemburg: Profitieren Sie von unserem Know-how f\u00fcr Ihre Immobilie.","og_url":"https:\/\/hob.lu\/de\/eigentumer\/","og_site_name":"HOB Real Estate","article_modified_time":"2023-09-11T12:31:58+00:00","og_image":[{"width":2560,"height":1536,"url":"https:\/\/hob.lu\/wp-content\/uploads\/3-9-scaled.jpg","type":"image\/jpeg"}],"twitter_card":"summary_large_image","twitter_misc":{"Gesch\u00e4tzte Lesezeit":"2\u00a0Minute"},"schema":{"@context":"https:\/\/schema.org","@graph":[{"@type":"WebPage","@id":"https:\/\/hob.lu\/de\/eigentumer\/","url":"https:\/\/hob.lu\/de\/eigentumer\/","name":"HOB Luxemburg \u2013 Immobilienservice nach Ma\u00df","isPartOf":{"@id":"https:\/\/hob.lu\/#website"},"primaryImageOfPage":{"@id":"https:\/\/hob.lu\/de\/eigentumer\/#primaryimage"},"image":{"@id":"https:\/\/hob.lu\/de\/eigentumer\/#primaryimage"},"thumbnailUrl":"https:\/\/hob.lu\/wp-content\/uploads\/3-9-scaled.jpg","datePublished":"2020-03-27T07:39:51+00:00","dateModified":"2023-09-11T12:31:58+00:00","description":"Individuelle Projektentwicklung mit Home & Office Building Luxemburg: Profitieren Sie von unserem Know-how f\u00fcr Ihre Immobilie.","breadcrumb":{"@id":"https:\/\/hob.lu\/de\/eigentumer\/#breadcrumb"},"inLanguage":"de","potentialAction":[{"@type":"ReadAction","target":["https:\/\/hob.lu\/de\/eigentumer\/"]}]},{"@type":"ImageObject","inLanguage":"de","@id":"https:\/\/hob.lu\/de\/eigentumer\/#primaryimage","url":"https:\/\/hob.lu\/wp-content\/uploads\/3-9-scaled.jpg","contentUrl":"https:\/\/hob.lu\/wp-content\/uploads\/3-9-scaled.jpg","width":2560,"height":1536},{"@type":"BreadcrumbList","@id":"https:\/\/hob.lu\/de\/eigentumer\/#breadcrumb","itemListElement":[{"@type":"ListItem","position":1,"name":"Accueil","item":"https:\/\/hob.lu\/de\/"},{"@type":"ListItem","position":2,"name":"Eigent\u00fcmer"}]},{"@type":"WebSite","@id":"https:\/\/hob.lu\/#website","url":"https:\/\/hob.lu\/","name":"HOB Real Estate","description":"","publisher":{"@id":"https:\/\/hob.lu\/#organization"},"potentialAction":[{"@type":"SearchAction","target":{"@type":"EntryPoint","urlTemplate":"https:\/\/hob.lu\/?s={search_term_string}"},"query-input":{"@type":"PropertyValueSpecification","valueRequired":true,"valueName":"search_term_string"}}],"inLanguage":"de"},{"@type":"Organization","@id":"https:\/\/hob.lu\/#organization","name":"Hom & Office Building","url":"https:\/\/hob.lu\/","logo":{"@type":"ImageObject","inLanguage":"de","@id":"https:\/\/hob.lu\/#\/schema\/logo\/image\/","url":"https:\/\/hob.lu\/wp-content\/uploads\/HOB_logo.jpg","contentUrl":"https:\/\/hob.lu\/wp-content\/uploads\/HOB_logo.jpg","width":534,"height":189,"caption":"Hom & Office Building"},"image":{"@id":"https:\/\/hob.lu\/#\/schema\/logo\/image\/"}}]}},"_links":{"self":[{"href":"https:\/\/hob.lu\/de\/wp-json\/wp\/v2\/pages\/1186","targetHints":{"allow":["GET"]}}],"collection":[{"href":"https:\/\/hob.lu\/de\/wp-json\/wp\/v2\/pages"}],"about":[{"href":"https:\/\/hob.lu\/de\/wp-json\/wp\/v2\/types\/page"}],"author":[{"embeddable":true,"href":"https:\/\/hob.lu\/de\/wp-json\/wp\/v2\/users\/1"}],"replies":[{"embeddable":true,"href":"https:\/\/hob.lu\/de\/wp-json\/wp\/v2\/comments?post=1186"}],"version-history":[{"count":0,"href":"https:\/\/hob.lu\/de\/wp-json\/wp\/v2\/pages\/1186\/revisions"}],"wp:featuredmedia":[{"embeddable":true,"href":"https:\/\/hob.lu\/de\/wp-json\/wp\/v2\/media\/7136"}],"wp:attachment":[{"href":"https:\/\/hob.lu\/de\/wp-json\/wp\/v2\/media?parent=1186"}],"curies":[{"name":"wp","href":"https:\/\/api.w.org\/{rel}","templated":true}]}}