{"id":1036,"date":"2020-01-10T14:40:16","date_gmt":"2020-01-10T14:40:16","guid":{"rendered":"https:\/\/hob.aedesit.com\/a-propos\/"},"modified":"2025-12-18T16:36:38","modified_gmt":"2025-12-18T14:36:38","slug":"vorstellung","status":"publish","type":"page","link":"https:\/\/hob.lu\/de\/vorstellung\/","title":{"rendered":"Vorstellung"},"content":{"rendered":"\n<h2 class=\"wp-block-heading\"><strong>HOB Real Estate \u2013 unser Know-how f\u00fcr Ihre Immobilie<\/strong><\/h2>\n\n\n\n<p>HOB Real Estate steht f\u00fcr <strong>maximale Flexibilit\u00e4t und hohe Sichtbarkeit<\/strong>. Unsere Immobilienagentur befindet sich in einem <strong>lebendigen Shoppingcenter<\/strong>, das t\u00e4glich stark frequentiert ist. So ist unsere Agentur <strong>von montags bis sonntags zug\u00e4nglich<\/strong> \u2013 ideal, um jederzeit nach der passenden Immobilie zu suchen oder Ihre Immobilie optimal sichtbar zu pr\u00e4sentieren.<\/p>\n\n\n\n<p>Auch <strong>samstags sind wir f\u00fcr Sie ge\u00f6ffnet<\/strong> und ein qualifizierter Ansprechpartner ist pers\u00f6nlich vor Ort, um Sie kompetent zu beraten. Dar\u00fcber hinaus bieten wir Ihnen die M\u00f6glichkeit, <strong>individuelle Termine au\u00dferhalb unserer regul\u00e4ren \u00d6ffnungszeiten<\/strong> zu vereinbaren. So stellen wir sicher, dass Ihre Immobilienanliegen jederzeit die Aufmerksamkeit erhalten, die sie verdienen.<\/p>\n\n\n\n<h3 class=\"wp-block-heading\"><strong>Individuelle Projektentwicklung mit HOB Real Estate<\/strong><\/h3>\n\n\n\n<p>Kompetenz \u2013 Kreativit\u00e4t \u2013 Kosteneffizienz. Immobilien sind unsere Leidenschaft. Als professionelle Immobilienagentur und erfahrener Bautr\u00e4ger in Luxemburg unterst\u00fctzen wir sowohl gewerbliche Kunden als auch Privatpersonen bei der erfolgreichen Realisierung Ihres Projekts. Egal, ob kaufen oder verkaufen, mieten oder vermieten, bauen oder bauen lassen: Unsere Einzigartigkeit besteht darin, facettenreiche sowie zuverl\u00e4ssige Immobiliendienstleistungen anzubieten, die sowohl zusammen als auch getrennt in Anspruch genommen werden k\u00f6nnen: f\u00fcr innovative L\u00f6sungen, die auf Ihre individuellen Bed\u00fcrfnisse abgestimmt werden. Wer sich f\u00fcr eine Projektentwicklung mit HOB Real Estate entscheidet, profitiert nicht nur von einem breiten Netzwerk und einer erstklassigen Betreuung, sondern ebenso von hervorragenden Kenntnissen des luxemburgischen Marktes. Erfahren Sie mehr \u00fcber unsere passgenauen Leistungen und lassen Sie Ihre Immobilientr\u00e4ume mit HOB Real Estate wahrwerden.<\/p>\n\n\n\n<div class=\"wp-block-button\"><a class=\"wp-block-button__link wp-element-button\" href=\"https:\/\/hob.lu\/de\/dienstleistungen\/\">Unsere Dienstleistungen<\/a><\/div>\n\n\n\n<h3 class=\"wp-block-heading\"><strong><strong>Teamwork makes the Dream work: erfahrene Experten<\/strong><\/strong><\/h3>\n\n\n\n<p>Potenzielle Investoren f\u00fcr vielversprechende Bauprojekte ausfindig machen, die Abwicklung eines Hausverkaufs betreuen, die Vermietung brandneuer Appartements in die Wege leiten und vieles mehr: Wir lieben, was wir tun. Das mehrsprachige Team von HOB Real Estate rund um Mitgr\u00fcnder Marc Bingen zeichnet sich vor allem durch seine langj\u00e4hrige Erfahrung im Immobilien-, Banken- und Bausektor aus. Freuen Sie sich auf feste Ansprechpartner, die Ihnen jederzeit in allen Bereichen der Projektrealisierung zur Verf\u00fcgung stehen. Von regelm\u00e4\u00dfigen Bankterminen \u00fcber aussagekr\u00e4ftige Kostenkalkulationen bis hin zur Kl\u00e4rung langwieriger Formalit\u00e4ten: Unser Schl\u00fcssel zum Erfolg ist Ihre Zufriedenheit.<\/p>\n\n\n\n<div class=\"wp-block-button\"><a class=\"wp-block-button__link wp-element-button\" href=\"https:\/\/hob.lu\/de\/team\/\">Unser Team<\/a><\/div>\n\n\n\n<h3 class=\"wp-block-heading\"><strong>Vertrauen schaffen durch regionale Partnerunternehmen<\/strong><\/h3>\n\n\n\n<p>Bei der Umsetzung Ihres Projektes \u00fcberlassen wir nichts dem Zufall. So auch bei der Auswahl unserer Partnerunternehmen, die uns in den Bereichen Finanzen, Versicherung und Vertrieb unterst\u00fctzen. Hier legen wir insbesondere Wert auf Regionalit\u00e4t, um eine reibungslose sowie vertrauensvolle Ausf\u00fchrung zu garantieren und den hohen Anforderungen unserer Kunden in allen Punkten gerecht zu werden. \u00c4hnlich wie HOB Real Estate blicken diese Partner auf eine lange Erfahrung in ihrem jeweiligen Bereich zur\u00fcck und kennen ihr Metier in und auswendig.<\/p>\n\n\n\n<h3 class=\"wp-block-heading\"><strong>Rundum-sorglos-Paket: umfassender Service auf allen Ebenen<\/strong><\/h3>\n\n\n\n<p>Von der Architektenbeauftragung \u00fcber die Organisation von Sanit\u00e4r- und Elektroarbeiten bis hin zur Auswahl der richtigen Innenausstattung: Mit HOB Real Estate k\u00f6nnen Sie sich auf eine Komplett-Betreuung w\u00e4hrend der gesamten Realisierung Ihres Projektes freuen. Baustress ade: Als Kunde von HOB Real Estate wird Ihnen ein fester Ansprech- und Vertrauenspartner zur Seite gestellt, den Sie hinsichtlich Fragen und Anpassungsw\u00fcnschen stets kontaktieren k\u00f6nnen. Nat\u00fcrlich immer in Absprache mit unseren entsprechenden Subunternehmen, zu denen Sie im Folgenden n\u00e4here Informationen finden.<\/p>\n\n\n\n<p><\/p>\n","protected":false},"excerpt":{"rendered":"<p>HOB Real Estate \u2013 unser Know-how f\u00fcr Ihre Immobilie HOB [&hellip;]<\/p>\n","protected":false},"author":1,"featured_media":8070,"parent":0,"menu_order":7,"comment_status":"closed","ping_status":"closed","template":"","meta":{"_acf_changed":false,"footnotes":""},"class_list":["post-1036","page","type-page","status-publish","has-post-thumbnail","hentry"],"acf":[],"yoast_head":"<!-- This site is optimized with the Yoast SEO plugin v27.3 - https:\/\/yoast.com\/product\/yoast-seo-wordpress\/ -->\n<title>HOB Luxemburg \u2013 Immobilienservice nach Ma\u00df - HOB Real Estate<\/title>\n<meta name=\"description\" content=\"Individuelle Projektentwicklung mit Home &amp; Office Building Luxemburg: Profitieren Sie von unserem Know-how f\u00fcr Ihre Immobilie.\" \/>\n<meta name=\"robots\" content=\"index, follow, max-snippet:-1, max-image-preview:large, max-video-preview:-1\" \/>\n<link rel=\"canonical\" href=\"https:\/\/hob.lu\/de\/vorstellung\/\" \/>\n<meta property=\"og:locale\" content=\"de_DE\" \/>\n<meta property=\"og:type\" content=\"article\" \/>\n<meta property=\"og:title\" content=\"HOB Luxemburg \u2013 Immobilienservice nach Ma\u00df\" \/>\n<meta property=\"og:description\" content=\"Individuelle Projektentwicklung mit Home &amp; Office Building Luxemburg: Profitieren Sie von unserem Know-how f\u00fcr Ihre Immobilie.\" \/>\n<meta property=\"og:url\" content=\"https:\/\/hob.lu\/de\/vorstellung\/\" \/>\n<meta property=\"og:site_name\" content=\"HOB Real Estate\" \/>\n<meta property=\"article:modified_time\" content=\"2025-12-18T14:36:38+00:00\" \/>\n<meta property=\"og:image\" content=\"https:\/\/hob.lu\/wp-content\/uploads\/HOB-Geschaftseinrichtung_10-scaled.jpg\" \/>\n\t<meta property=\"og:image:width\" content=\"2560\" \/>\n\t<meta property=\"og:image:height\" content=\"1707\" \/>\n\t<meta property=\"og:image:type\" content=\"image\/jpeg\" \/>\n<meta name=\"twitter:card\" content=\"summary_large_image\" \/>\n<meta name=\"twitter:label1\" content=\"Gesch\u00e4tzte Lesezeit\" \/>\n\t<meta name=\"twitter:data1\" content=\"3\u00a0Minute\" \/>\n<script type=\"application\/ld+json\" class=\"yoast-schema-graph\">{\"@context\":\"https:\\\/\\\/schema.org\",\"@graph\":[{\"@type\":\"WebPage\",\"@id\":\"https:\\\/\\\/hob.lu\\\/de\\\/vorstellung\\\/\",\"url\":\"https:\\\/\\\/hob.lu\\\/de\\\/vorstellung\\\/\",\"name\":\"HOB Luxemburg \u2013 Immobilienservice nach Ma\u00df\",\"isPartOf\":{\"@id\":\"https:\\\/\\\/hob.lu\\\/#website\"},\"primaryImageOfPage\":{\"@id\":\"https:\\\/\\\/hob.lu\\\/de\\\/vorstellung\\\/#primaryimage\"},\"image\":{\"@id\":\"https:\\\/\\\/hob.lu\\\/de\\\/vorstellung\\\/#primaryimage\"},\"thumbnailUrl\":\"https:\\\/\\\/hob.lu\\\/wp-content\\\/uploads\\\/HOB-Geschaftseinrichtung_10-scaled.jpg\",\"datePublished\":\"2020-01-10T14:40:16+00:00\",\"dateModified\":\"2025-12-18T14:36:38+00:00\",\"description\":\"Individuelle Projektentwicklung mit Home & Office Building Luxemburg: Profitieren Sie von unserem Know-how f\u00fcr Ihre Immobilie.\",\"breadcrumb\":{\"@id\":\"https:\\\/\\\/hob.lu\\\/de\\\/vorstellung\\\/#breadcrumb\"},\"inLanguage\":\"de\",\"potentialAction\":[{\"@type\":\"ReadAction\",\"target\":[\"https:\\\/\\\/hob.lu\\\/de\\\/vorstellung\\\/\"]}]},{\"@type\":\"ImageObject\",\"inLanguage\":\"de\",\"@id\":\"https:\\\/\\\/hob.lu\\\/de\\\/vorstellung\\\/#primaryimage\",\"url\":\"https:\\\/\\\/hob.lu\\\/wp-content\\\/uploads\\\/HOB-Geschaftseinrichtung_10-scaled.jpg\",\"contentUrl\":\"https:\\\/\\\/hob.lu\\\/wp-content\\\/uploads\\\/HOB-Geschaftseinrichtung_10-scaled.jpg\",\"width\":2560,\"height\":1707},{\"@type\":\"BreadcrumbList\",\"@id\":\"https:\\\/\\\/hob.lu\\\/de\\\/vorstellung\\\/#breadcrumb\",\"itemListElement\":[{\"@type\":\"ListItem\",\"position\":1,\"name\":\"Accueil\",\"item\":\"https:\\\/\\\/hob.lu\\\/de\\\/\"},{\"@type\":\"ListItem\",\"position\":2,\"name\":\"Vorstellung\"}]},{\"@type\":\"WebSite\",\"@id\":\"https:\\\/\\\/hob.lu\\\/#website\",\"url\":\"https:\\\/\\\/hob.lu\\\/\",\"name\":\"HOB Real Estate\",\"description\":\"\",\"publisher\":{\"@id\":\"https:\\\/\\\/hob.lu\\\/#organization\"},\"potentialAction\":[{\"@type\":\"SearchAction\",\"target\":{\"@type\":\"EntryPoint\",\"urlTemplate\":\"https:\\\/\\\/hob.lu\\\/?s={search_term_string}\"},\"query-input\":{\"@type\":\"PropertyValueSpecification\",\"valueRequired\":true,\"valueName\":\"search_term_string\"}}],\"inLanguage\":\"de\"},{\"@type\":\"Organization\",\"@id\":\"https:\\\/\\\/hob.lu\\\/#organization\",\"name\":\"Hom & Office Building\",\"url\":\"https:\\\/\\\/hob.lu\\\/\",\"logo\":{\"@type\":\"ImageObject\",\"inLanguage\":\"de\",\"@id\":\"https:\\\/\\\/hob.lu\\\/#\\\/schema\\\/logo\\\/image\\\/\",\"url\":\"https:\\\/\\\/hob.lu\\\/wp-content\\\/uploads\\\/HOB_logo.jpg\",\"contentUrl\":\"https:\\\/\\\/hob.lu\\\/wp-content\\\/uploads\\\/HOB_logo.jpg\",\"width\":534,\"height\":189,\"caption\":\"Hom & Office Building\"},\"image\":{\"@id\":\"https:\\\/\\\/hob.lu\\\/#\\\/schema\\\/logo\\\/image\\\/\"}}]}<\/script>\n<!-- \/ Yoast SEO plugin. -->","yoast_head_json":{"title":"HOB Luxemburg \u2013 Immobilienservice nach Ma\u00df - HOB Real Estate","description":"Individuelle Projektentwicklung mit Home & Office Building Luxemburg: Profitieren Sie von unserem Know-how f\u00fcr Ihre Immobilie.","robots":{"index":"index","follow":"follow","max-snippet":"max-snippet:-1","max-image-preview":"max-image-preview:large","max-video-preview":"max-video-preview:-1"},"canonical":"https:\/\/hob.lu\/de\/vorstellung\/","og_locale":"de_DE","og_type":"article","og_title":"HOB Luxemburg \u2013 Immobilienservice nach Ma\u00df","og_description":"Individuelle Projektentwicklung mit Home & Office Building Luxemburg: Profitieren Sie von unserem Know-how f\u00fcr Ihre Immobilie.","og_url":"https:\/\/hob.lu\/de\/vorstellung\/","og_site_name":"HOB Real Estate","article_modified_time":"2025-12-18T14:36:38+00:00","og_image":[{"width":2560,"height":1707,"url":"https:\/\/hob.lu\/wp-content\/uploads\/HOB-Geschaftseinrichtung_10-scaled.jpg","type":"image\/jpeg"}],"twitter_card":"summary_large_image","twitter_misc":{"Gesch\u00e4tzte Lesezeit":"3\u00a0Minute"},"schema":{"@context":"https:\/\/schema.org","@graph":[{"@type":"WebPage","@id":"https:\/\/hob.lu\/de\/vorstellung\/","url":"https:\/\/hob.lu\/de\/vorstellung\/","name":"HOB Luxemburg \u2013 Immobilienservice nach Ma\u00df","isPartOf":{"@id":"https:\/\/hob.lu\/#website"},"primaryImageOfPage":{"@id":"https:\/\/hob.lu\/de\/vorstellung\/#primaryimage"},"image":{"@id":"https:\/\/hob.lu\/de\/vorstellung\/#primaryimage"},"thumbnailUrl":"https:\/\/hob.lu\/wp-content\/uploads\/HOB-Geschaftseinrichtung_10-scaled.jpg","datePublished":"2020-01-10T14:40:16+00:00","dateModified":"2025-12-18T14:36:38+00:00","description":"Individuelle Projektentwicklung mit Home & Office Building Luxemburg: Profitieren Sie von unserem Know-how f\u00fcr Ihre Immobilie.","breadcrumb":{"@id":"https:\/\/hob.lu\/de\/vorstellung\/#breadcrumb"},"inLanguage":"de","potentialAction":[{"@type":"ReadAction","target":["https:\/\/hob.lu\/de\/vorstellung\/"]}]},{"@type":"ImageObject","inLanguage":"de","@id":"https:\/\/hob.lu\/de\/vorstellung\/#primaryimage","url":"https:\/\/hob.lu\/wp-content\/uploads\/HOB-Geschaftseinrichtung_10-scaled.jpg","contentUrl":"https:\/\/hob.lu\/wp-content\/uploads\/HOB-Geschaftseinrichtung_10-scaled.jpg","width":2560,"height":1707},{"@type":"BreadcrumbList","@id":"https:\/\/hob.lu\/de\/vorstellung\/#breadcrumb","itemListElement":[{"@type":"ListItem","position":1,"name":"Accueil","item":"https:\/\/hob.lu\/de\/"},{"@type":"ListItem","position":2,"name":"Vorstellung"}]},{"@type":"WebSite","@id":"https:\/\/hob.lu\/#website","url":"https:\/\/hob.lu\/","name":"HOB Real Estate","description":"","publisher":{"@id":"https:\/\/hob.lu\/#organization"},"potentialAction":[{"@type":"SearchAction","target":{"@type":"EntryPoint","urlTemplate":"https:\/\/hob.lu\/?s={search_term_string}"},"query-input":{"@type":"PropertyValueSpecification","valueRequired":true,"valueName":"search_term_string"}}],"inLanguage":"de"},{"@type":"Organization","@id":"https:\/\/hob.lu\/#organization","name":"Hom & Office Building","url":"https:\/\/hob.lu\/","logo":{"@type":"ImageObject","inLanguage":"de","@id":"https:\/\/hob.lu\/#\/schema\/logo\/image\/","url":"https:\/\/hob.lu\/wp-content\/uploads\/HOB_logo.jpg","contentUrl":"https:\/\/hob.lu\/wp-content\/uploads\/HOB_logo.jpg","width":534,"height":189,"caption":"Hom & Office Building"},"image":{"@id":"https:\/\/hob.lu\/#\/schema\/logo\/image\/"}}]}},"_links":{"self":[{"href":"https:\/\/hob.lu\/de\/wp-json\/wp\/v2\/pages\/1036","targetHints":{"allow":["GET"]}}],"collection":[{"href":"https:\/\/hob.lu\/de\/wp-json\/wp\/v2\/pages"}],"about":[{"href":"https:\/\/hob.lu\/de\/wp-json\/wp\/v2\/types\/page"}],"author":[{"embeddable":true,"href":"https:\/\/hob.lu\/de\/wp-json\/wp\/v2\/users\/1"}],"replies":[{"embeddable":true,"href":"https:\/\/hob.lu\/de\/wp-json\/wp\/v2\/comments?post=1036"}],"version-history":[{"count":6,"href":"https:\/\/hob.lu\/de\/wp-json\/wp\/v2\/pages\/1036\/revisions"}],"predecessor-version":[{"id":10518,"href":"https:\/\/hob.lu\/de\/wp-json\/wp\/v2\/pages\/1036\/revisions\/10518"}],"wp:featuredmedia":[{"embeddable":true,"href":"https:\/\/hob.lu\/de\/wp-json\/wp\/v2\/media\/8070"}],"wp:attachment":[{"href":"https:\/\/hob.lu\/de\/wp-json\/wp\/v2\/media?parent=1036"}],"curies":[{"name":"wp","href":"https:\/\/api.w.org\/{rel}","templated":true}]}}