{"id":1035,"date":"2020-01-10T14:41:29","date_gmt":"2020-01-10T14:41:29","guid":{"rendered":"https:\/\/hob.aedesit.com\/services\/"},"modified":"2025-12-22T15:46:48","modified_gmt":"2025-12-22T13:46:48","slug":"dienstleistungen","status":"publish","type":"page","link":"https:\/\/hob.lu\/de\/dienstleistungen\/","title":{"rendered":"Unsere Leistungen"},"content":{"rendered":"\n<h2 class=\"wp-block-heading\"><strong>Immobilienservice von HOB Real Estate \u2013 grenzenlose Perspektiven erleben<\/strong><\/h2>\n\n\n\n<p>Unsere Philosophie: Rufen sie uns an. Wir \u00fcbernehmen den Rest. Ganz gleich, ob Sie auf der Suche nach einer eigenen Wohnung sind, ein Haus mieten m\u00f6chten oder einen kenntnisreichen Partner f\u00fcr Ihr neustes Projekt suchen: HOB Real Estate verf\u00fcgt \u00fcber ein weitreichendes Leistungsportfolio in der Welt der Immobilien.<\/p>\n\n\n\n<h2 class=\"wp-block-heading\"><strong>Immobilien kaufen, mieten und bewerten \u2013 finden Sie Ihr neues Zuhause<\/strong><\/h2>\n\n\n\n<p>Den Traum von den eigenen vier W\u00e4nden wahrwerden lassen oder doch lieber wohnen auf Zeit? Wir verhelfen Ihnen zu einem neuen Zuhause, welches individuell und passgenau auf Ihre Vorstellungen zugeschnitten ist \u2013 ganz gleich, ob Wohnung, Ein- oder Mehrfamilienhaus. Teilen Sie uns Ihre pers\u00f6nlichen W\u00fcnsche mit: Sie sind auf der Suche nach einem Heim mit gro\u00dfem Garten, in dem Ihre Kleinsten nach Herzenslust herumtollen k\u00f6nnen? Eine Badewanne oder ein Balkon ist f\u00fcr Sie ein echtes Muss? Kein Problem. Mit unserer bedarfsgerechten Wohnermittlung finden wir auch Ihr einmaliges Wohlf\u00fchl-Zuhause.<\/p>\n\n\n\n<h2 class=\"wp-block-heading\"><strong>K\u00e4ufer und Mieter finden mit HOB Real Estate \u2013 wir halten die perfekten Kandidaten bereit<\/strong> :<\/h2>\n\n\n\n<p>Beim Verkauf oder Vermieten Ihres Eigentums gibt es so einiges zu beachten. HOB Real Estate steht Ihnen w\u00e4hrend dieses wichtigen Schritts mit Erfahrung und Kompetenz zur Seite. So kennen wir nicht nur den luxemburgischen Markt sowie relevante Kriterien f\u00fcr die Ver\u00e4u\u00dferung Ihrer Immobilie, sondern geben ebenso eine realistische Preiseinsch\u00e4tzung ab, damit Sie am Ende das bestm\u00f6gliche Ergebnis aus einer Vermietung oder einem Verkauf erzielen. Mit Beauftragung von HOB Real Estate erhalten Sie ein aussagekr\u00e4ftiges Immobiliendossier und profitieren zus\u00e4tzlich von einer aufmerksamkeitsstarken Bewerbung auf unterschiedlichen Kan\u00e4len. Viele unserer Kunden haben genaue Vorstellungen davon, welche Voraussetzungen ein potenzieller Interessent erf\u00fcllen sollte. Wir k\u00fcmmern uns um eine umfassende Pr\u00fcfung der Kreditw\u00fcrdigkeit, m\u00f6gliche Besichtigungstermine und m\u00fcndliche sowie schriftliche Vereinbarungen zwischen beiden Parteien. Von der Beauftragung bis hin zur Unterzeichnung des Kaufvertrags: Vertrauen Sie auf die Experten von HOB Real Estate.<\/p>\n\n\n\n<h2 class=\"wp-block-heading\">Immobilienbewertung \u2013 den Marktwert Ihrer Immobilie realistisch einsch\u00e4tzen<\/h2>\n\n\n\n<p>Eine professionelle <strong>Immobilienbewertung<\/strong> ist die Basis f\u00fcr erfolgreiche Entscheidungen rund um Verkauf, Vermietung oder Projektentwicklung. Sie sorgt f\u00fcr Transparenz und hilft, den <strong>realistischen Marktwert Ihrer Immobilie<\/strong> zu ermitteln.<\/p>\n\n\n\n<p>Dabei flie\u00dfen wichtige Faktoren wie <strong>Lage, Zustand, Baujahr, Ausstattung, Fl\u00e4chen<\/strong> sowie die aktuelle <strong>Marktsituation<\/strong> in die Bewertung ein. Ziel ist eine fundierte und nachvollziehbare Preiseinsch\u00e4tzung.<\/p>\n\n\n\n<p>Eine sachgerechte Immobilienbewertung sch\u00fctzt vor Fehleinsch\u00e4tzungen, verk\u00fcrzt Vermarktungszeiten und schafft eine verl\u00e4ssliche Grundlage f\u00fcr alle weiteren Schritte.<\/p>\n\n\n\n<h2 class=\"wp-block-heading\"><strong>Raum schaffen und Menschen begeistern \u2013 gewerbliche Projekte realisieren mit HOB Real Estate<\/strong><\/h2>\n\n\n\n<p>Von der Planung zur Wirklichkeit: Wir realisieren und entwickeln Ihr individuelles Projekt. Einkaufszentren, B\u00fcrokomplexe, Logistikzentren, Hotels und Wohnquartiere, aber auch Spezialimmobilien wie Bildungseinrichtungen und Kulturbauten \u2013 HOB Real Estate unterst\u00fctzt Sie bei der Konzipierung und Umsetzung Ihres Bauvorhabens. Als projekterfahrene Immobilienagentur sind wir Experten in der Entwicklung aller Asset-Klassen und betreuen den Vorgang entlang der gesamten Wertsch\u00f6pfungskette: f\u00fcr moderne Immobilien, die nachhaltig sowie funktional sind und Menschen mit Ihrem Komfort begeistern. Egal, ob Sie sich noch auf der Suche nach geeigneten Investoren f\u00fcr Ihr Projekt befinden oder Sie selbst in eine Immobilie investieren m\u00f6chten: Unser erfahrenes Team sorgt f\u00fcr eine optimale Projektentwicklung und -kalkulation Ihres Bauwerks.<\/p>\n\n\n\n<p>Mit HOB Real Estate kommen Sie in die Vorz\u00fcge einer:<\/p>\n\n\n\n<ul class=\"wp-block-list\">\n<li><strong>detaillierten Finanzplanung<\/strong><\/li>\n<\/ul>\n\n\n\n<p>Erfahren Sie noch vor dem Kauf oder der Planung Ihrer Immobilie, welches Budget der zuk\u00fcnftige K\u00e4ufer aufbringen kann. Unsere Experten helfen Ihnen dabei, Ihre tats\u00e4chlichen M\u00f6glichkeiten zu beurteilen.<\/p>\n\n\n\n<ul class=\"wp-block-list\">\n<li><strong>Erstellung eines \u00fcbersichtlichen Bankdossiers<\/strong><\/li>\n<\/ul>\n\n\n\n<p>Wir unterst\u00fctzen Sie bei der Vorbereitung Ihres Bankdossiers. Dank unserer fachspezifischen Kenntnisse und dem B\u00fcndnis mit luxemburgischen Partnerbanken handeln wir optimale Konditionen f\u00fcr Ihren Kredit aus.<\/p>\n\n\n\n<ul class=\"wp-block-list\">\n<li><strong>\u00dcbernahme von Beh\u00f6rdeng\u00e4ngen<\/strong><\/li>\n<\/ul>\n\n\n\n<p>Komplexe Genehmigungen und die Erf\u00fcllung regionsspezifischer Bauauflagen: Profitieren Sie von einer umfassenden Betreuung und einem festen Ansprechpartner. Wir nehmen uns allen relevanten Formalit\u00e4ten an.<\/p>\n\n\n\n<ul class=\"wp-block-list\">\n<li><strong>stressfreien Bauphase und vollst\u00e4ndigen Einrichtung der Immobilie<\/strong><\/li>\n<\/ul>\n\n\n\n<p>Keine Angebote vergleichen, keine stundenlangen Termine mit Baufirmen oder zeitraubenden Telefonate wahrnehmen: HOB Real Estate beauftragt und koordiniert die verschiedenen Gewerke und achtet auf die Einhaltung vorgegebener Fristen.<\/p>\n\n\n\n<p>Nach Fertigstellung des Geb\u00e4udes \u00fcbernehmen unser Immobilienmakler die Suche nach geeigneten K\u00e4ufern oder Mietern. Bewerbung, Besichtigungen und Vertragsmanagement: Wir bieten einen umfangreichen Service nach Ma\u00df.<\/p>\n\n\n\n<ul class=\"wp-block-list\">\n<li><strong>kundenorientierten Betreuung auch nach Fertigstellung<\/strong><\/li>\n<\/ul>\n\n\n\n<p>Auch nach Fertigstellung und Inbesitznahme Ihrer Immobilie stehen wir Ihnen bei Fragen und W\u00fcnschen zur Verf\u00fcgung. Somit verspricht HOB Real Estate seinen Auftraggebern einen ganzheitlichen Kundenservice.<\/p>\n","protected":false},"excerpt":{"rendered":"<p>Immobilienservice von HOB Real Estate \u2013 grenzenlose Perspektiven erleben Unsere [&hellip;]<\/p>\n","protected":false},"author":1,"featured_media":10419,"parent":0,"menu_order":6,"comment_status":"closed","ping_status":"closed","template":"","meta":{"_acf_changed":false,"footnotes":""},"class_list":["post-1035","page","type-page","status-publish","has-post-thumbnail","hentry"],"acf":[],"yoast_head":"<!-- This site is optimized with the Yoast SEO plugin v27.3 - https:\/\/yoast.com\/product\/yoast-seo-wordpress\/ -->\n<title>HOB Luxemburg \u2013 Immobilienservice nach Ma\u00df - HOB Real Estate<\/title>\n<meta name=\"description\" content=\"Individuelle Projektentwicklung mit Home &amp; Office Building Luxemburg: Profitieren Sie von unserem Know-how f\u00fcr Ihre Immobilie.\" \/>\n<meta name=\"robots\" content=\"index, follow, max-snippet:-1, max-image-preview:large, max-video-preview:-1\" \/>\n<link rel=\"canonical\" href=\"https:\/\/hob.lu\/de\/dienstleistungen\/\" \/>\n<meta property=\"og:locale\" content=\"de_DE\" \/>\n<meta property=\"og:type\" content=\"article\" \/>\n<meta property=\"og:title\" content=\"HOB Luxemburg \u2013 Immobilienservice nach Ma\u00df\" \/>\n<meta property=\"og:description\" content=\"Individuelle Projektentwicklung mit Home &amp; Office Building Luxemburg: Profitieren Sie von unserem Know-how f\u00fcr Ihre Immobilie.\" \/>\n<meta property=\"og:url\" content=\"https:\/\/hob.lu\/de\/dienstleistungen\/\" \/>\n<meta property=\"og:site_name\" content=\"HOB Real Estate\" \/>\n<meta property=\"article:modified_time\" content=\"2025-12-22T13:46:48+00:00\" \/>\n<meta property=\"og:image\" content=\"https:\/\/hob.lu\/wp-content\/uploads\/Service-scaled.jpg\" \/>\n\t<meta property=\"og:image:width\" content=\"2560\" \/>\n\t<meta property=\"og:image:height\" content=\"1707\" \/>\n\t<meta property=\"og:image:type\" content=\"image\/jpeg\" \/>\n<meta name=\"twitter:card\" content=\"summary_large_image\" \/>\n<meta name=\"twitter:label1\" content=\"Gesch\u00e4tzte Lesezeit\" \/>\n\t<meta name=\"twitter:data1\" content=\"4\u00a0Minute\" \/>\n<script type=\"application\/ld+json\" class=\"yoast-schema-graph\">{\"@context\":\"https:\\\/\\\/schema.org\",\"@graph\":[{\"@type\":\"WebPage\",\"@id\":\"https:\\\/\\\/hob.lu\\\/de\\\/dienstleistungen\\\/\",\"url\":\"https:\\\/\\\/hob.lu\\\/de\\\/dienstleistungen\\\/\",\"name\":\"HOB Luxemburg \u2013 Immobilienservice nach Ma\u00df\",\"isPartOf\":{\"@id\":\"https:\\\/\\\/hob.lu\\\/#website\"},\"primaryImageOfPage\":{\"@id\":\"https:\\\/\\\/hob.lu\\\/de\\\/dienstleistungen\\\/#primaryimage\"},\"image\":{\"@id\":\"https:\\\/\\\/hob.lu\\\/de\\\/dienstleistungen\\\/#primaryimage\"},\"thumbnailUrl\":\"https:\\\/\\\/hob.lu\\\/wp-content\\\/uploads\\\/Service-scaled.jpg\",\"datePublished\":\"2020-01-10T14:41:29+00:00\",\"dateModified\":\"2025-12-22T13:46:48+00:00\",\"description\":\"Individuelle Projektentwicklung mit Home & Office Building Luxemburg: Profitieren Sie von unserem Know-how f\u00fcr Ihre Immobilie.\",\"breadcrumb\":{\"@id\":\"https:\\\/\\\/hob.lu\\\/de\\\/dienstleistungen\\\/#breadcrumb\"},\"inLanguage\":\"de\",\"potentialAction\":[{\"@type\":\"ReadAction\",\"target\":[\"https:\\\/\\\/hob.lu\\\/de\\\/dienstleistungen\\\/\"]}]},{\"@type\":\"ImageObject\",\"inLanguage\":\"de\",\"@id\":\"https:\\\/\\\/hob.lu\\\/de\\\/dienstleistungen\\\/#primaryimage\",\"url\":\"https:\\\/\\\/hob.lu\\\/wp-content\\\/uploads\\\/Service-scaled.jpg\",\"contentUrl\":\"https:\\\/\\\/hob.lu\\\/wp-content\\\/uploads\\\/Service-scaled.jpg\",\"width\":2560,\"height\":1707},{\"@type\":\"BreadcrumbList\",\"@id\":\"https:\\\/\\\/hob.lu\\\/de\\\/dienstleistungen\\\/#breadcrumb\",\"itemListElement\":[{\"@type\":\"ListItem\",\"position\":1,\"name\":\"Accueil\",\"item\":\"https:\\\/\\\/hob.lu\\\/de\\\/\"},{\"@type\":\"ListItem\",\"position\":2,\"name\":\"Unsere Leistungen\"}]},{\"@type\":\"WebSite\",\"@id\":\"https:\\\/\\\/hob.lu\\\/#website\",\"url\":\"https:\\\/\\\/hob.lu\\\/\",\"name\":\"HOB Real Estate\",\"description\":\"\",\"publisher\":{\"@id\":\"https:\\\/\\\/hob.lu\\\/#organization\"},\"potentialAction\":[{\"@type\":\"SearchAction\",\"target\":{\"@type\":\"EntryPoint\",\"urlTemplate\":\"https:\\\/\\\/hob.lu\\\/?s={search_term_string}\"},\"query-input\":{\"@type\":\"PropertyValueSpecification\",\"valueRequired\":true,\"valueName\":\"search_term_string\"}}],\"inLanguage\":\"de\"},{\"@type\":\"Organization\",\"@id\":\"https:\\\/\\\/hob.lu\\\/#organization\",\"name\":\"Hom & Office Building\",\"url\":\"https:\\\/\\\/hob.lu\\\/\",\"logo\":{\"@type\":\"ImageObject\",\"inLanguage\":\"de\",\"@id\":\"https:\\\/\\\/hob.lu\\\/#\\\/schema\\\/logo\\\/image\\\/\",\"url\":\"https:\\\/\\\/hob.lu\\\/wp-content\\\/uploads\\\/HOB_logo.jpg\",\"contentUrl\":\"https:\\\/\\\/hob.lu\\\/wp-content\\\/uploads\\\/HOB_logo.jpg\",\"width\":534,\"height\":189,\"caption\":\"Hom & Office Building\"},\"image\":{\"@id\":\"https:\\\/\\\/hob.lu\\\/#\\\/schema\\\/logo\\\/image\\\/\"}}]}<\/script>\n<!-- \/ Yoast SEO plugin. -->","yoast_head_json":{"title":"HOB Luxemburg \u2013 Immobilienservice nach Ma\u00df - HOB Real Estate","description":"Individuelle Projektentwicklung mit Home & Office Building Luxemburg: Profitieren Sie von unserem Know-how f\u00fcr Ihre Immobilie.","robots":{"index":"index","follow":"follow","max-snippet":"max-snippet:-1","max-image-preview":"max-image-preview:large","max-video-preview":"max-video-preview:-1"},"canonical":"https:\/\/hob.lu\/de\/dienstleistungen\/","og_locale":"de_DE","og_type":"article","og_title":"HOB Luxemburg \u2013 Immobilienservice nach Ma\u00df","og_description":"Individuelle Projektentwicklung mit Home & Office Building Luxemburg: Profitieren Sie von unserem Know-how f\u00fcr Ihre Immobilie.","og_url":"https:\/\/hob.lu\/de\/dienstleistungen\/","og_site_name":"HOB Real Estate","article_modified_time":"2025-12-22T13:46:48+00:00","og_image":[{"width":2560,"height":1707,"url":"https:\/\/hob.lu\/wp-content\/uploads\/Service-scaled.jpg","type":"image\/jpeg"}],"twitter_card":"summary_large_image","twitter_misc":{"Gesch\u00e4tzte Lesezeit":"4\u00a0Minute"},"schema":{"@context":"https:\/\/schema.org","@graph":[{"@type":"WebPage","@id":"https:\/\/hob.lu\/de\/dienstleistungen\/","url":"https:\/\/hob.lu\/de\/dienstleistungen\/","name":"HOB Luxemburg \u2013 Immobilienservice nach Ma\u00df","isPartOf":{"@id":"https:\/\/hob.lu\/#website"},"primaryImageOfPage":{"@id":"https:\/\/hob.lu\/de\/dienstleistungen\/#primaryimage"},"image":{"@id":"https:\/\/hob.lu\/de\/dienstleistungen\/#primaryimage"},"thumbnailUrl":"https:\/\/hob.lu\/wp-content\/uploads\/Service-scaled.jpg","datePublished":"2020-01-10T14:41:29+00:00","dateModified":"2025-12-22T13:46:48+00:00","description":"Individuelle Projektentwicklung mit Home & Office Building Luxemburg: Profitieren Sie von unserem Know-how f\u00fcr Ihre Immobilie.","breadcrumb":{"@id":"https:\/\/hob.lu\/de\/dienstleistungen\/#breadcrumb"},"inLanguage":"de","potentialAction":[{"@type":"ReadAction","target":["https:\/\/hob.lu\/de\/dienstleistungen\/"]}]},{"@type":"ImageObject","inLanguage":"de","@id":"https:\/\/hob.lu\/de\/dienstleistungen\/#primaryimage","url":"https:\/\/hob.lu\/wp-content\/uploads\/Service-scaled.jpg","contentUrl":"https:\/\/hob.lu\/wp-content\/uploads\/Service-scaled.jpg","width":2560,"height":1707},{"@type":"BreadcrumbList","@id":"https:\/\/hob.lu\/de\/dienstleistungen\/#breadcrumb","itemListElement":[{"@type":"ListItem","position":1,"name":"Accueil","item":"https:\/\/hob.lu\/de\/"},{"@type":"ListItem","position":2,"name":"Unsere Leistungen"}]},{"@type":"WebSite","@id":"https:\/\/hob.lu\/#website","url":"https:\/\/hob.lu\/","name":"HOB Real Estate","description":"","publisher":{"@id":"https:\/\/hob.lu\/#organization"},"potentialAction":[{"@type":"SearchAction","target":{"@type":"EntryPoint","urlTemplate":"https:\/\/hob.lu\/?s={search_term_string}"},"query-input":{"@type":"PropertyValueSpecification","valueRequired":true,"valueName":"search_term_string"}}],"inLanguage":"de"},{"@type":"Organization","@id":"https:\/\/hob.lu\/#organization","name":"Hom & Office Building","url":"https:\/\/hob.lu\/","logo":{"@type":"ImageObject","inLanguage":"de","@id":"https:\/\/hob.lu\/#\/schema\/logo\/image\/","url":"https:\/\/hob.lu\/wp-content\/uploads\/HOB_logo.jpg","contentUrl":"https:\/\/hob.lu\/wp-content\/uploads\/HOB_logo.jpg","width":534,"height":189,"caption":"Hom & Office Building"},"image":{"@id":"https:\/\/hob.lu\/#\/schema\/logo\/image\/"}}]}},"_links":{"self":[{"href":"https:\/\/hob.lu\/de\/wp-json\/wp\/v2\/pages\/1035","targetHints":{"allow":["GET"]}}],"collection":[{"href":"https:\/\/hob.lu\/de\/wp-json\/wp\/v2\/pages"}],"about":[{"href":"https:\/\/hob.lu\/de\/wp-json\/wp\/v2\/types\/page"}],"author":[{"embeddable":true,"href":"https:\/\/hob.lu\/de\/wp-json\/wp\/v2\/users\/1"}],"replies":[{"embeddable":true,"href":"https:\/\/hob.lu\/de\/wp-json\/wp\/v2\/comments?post=1035"}],"version-history":[{"count":5,"href":"https:\/\/hob.lu\/de\/wp-json\/wp\/v2\/pages\/1035\/revisions"}],"predecessor-version":[{"id":10528,"href":"https:\/\/hob.lu\/de\/wp-json\/wp\/v2\/pages\/1035\/revisions\/10528"}],"wp:featuredmedia":[{"embeddable":true,"href":"https:\/\/hob.lu\/de\/wp-json\/wp\/v2\/media\/10419"}],"wp:attachment":[{"href":"https:\/\/hob.lu\/de\/wp-json\/wp\/v2\/media?parent=1035"}],"curies":[{"name":"wp","href":"https:\/\/api.w.org\/{rel}","templated":true}]}}