{"id":1034,"date":"2020-01-10T14:42:00","date_gmt":"2020-01-10T14:42:00","guid":{"rendered":"https:\/\/hob.aedesit.com\/partenaires\/"},"modified":"2022-10-13T14:51:27","modified_gmt":"2022-10-13T13:51:27","slug":"hob-luxemburg-unsere-partnerunternehmen","status":"publish","type":"page","link":"https:\/\/hob.lu\/de\/hob-luxemburg-unsere-partnerunternehmen\/","title":{"rendered":"Partner"},"content":{"rendered":"\n<h1 class=\"has-text-align-center wp-block-heading\"><strong>Regional und gesch\u00e4tzt <br> Unsere Partnerunternehmen f\u00fcr Ihr Projekt<\/strong><\/h1>\n\n\n<div class=\"pb-3 team partner-listing \" id=\"teasers-block_5e313082e265d\">\r\n            <a href=\"https:\/\/www.schilling.lu\/de\/\" target=\"_blank\" class=\"row mb-4\" style=\"color: black;\">\r\n        <div class=\"col-md-5 text-center\">\r\n                        <img decoding=\"async\" src=\"https:\/\/hob.lu\/wp-content\/uploads\/SCHILLING_DE.jpg\" alt=\"SCHILLING\" class=\"img-fluid\" \/>\r\n                    <\/div>\r\n        <div class=\"col-md-7 mt-auto\">\r\n            <h2 class=\"mt-0\">SCHILLING<\/h2>\r\n            Das Familienunternehmen Schilling wurde Ende der 40-er Jahre gegr\u00fcndet und besteht heute bereits in der 3. Generation. Unser umfangreiches Bet\u00e4tigungsfeld erstreckt sich \u00fcber \u00f6ffentliche und private Hoch- und Tiefbauprojekte, sowie landwirtschaftliche Geb\u00e4ude und Industriehallen bis hin zu schl\u00fcsselfertigen Wohnh\u00e4usern, Rohbauten, Umbauarbeiten und Au\u00dfenanlagen.                    <\/div>\r\n    <\/a>\r\n    <\/div>\r\n\n\n<div class=\"pb-3 team partner-listing \" id=\"teasers-block_5e3130c8e265e\">\r\n            <a href=\"http:\/\/www.creahaus.lu\/de\/startseite\/\" target=\"_blank\" class=\"row mb-4\" style=\"color: black;\">\r\n        <div class=\"col-md-5 text-center\">\r\n                        <img decoding=\"async\" src=\"https:\/\/hob.lu\/wp-content\/uploads\/CREAHAUS-2.png\" alt=\"CREAHAUS\" class=\"img-fluid\" \/>\r\n                    <\/div>\r\n        <div class=\"col-md-7 mt-auto\">\r\n            <h2 class=\"mt-0\">CREAHAUS<\/h2>\r\n            Wenn eine Familie f\u00fcr Familien baut \u00e4ndert das alles. <br> CREAHAUS, dahinter steckt nicht nur die Familie Olmedo, die seit fast 30 Jahren das Unternehmen leitet, sondern vor allem eine gro\u00dfe Mitarbeiterfamilie.                    <\/div>\r\n    <\/a>\r\n    <\/div>\r\n\n\n<div class=\"pb-3 team partner-listing \" id=\"teasers-block_5fabf6d1d9202\">\r\n            <a href=\"https:\/\/www.mghimmo.com\/de\/\" target=\"_blank\" class=\"row mb-4\" style=\"color: black;\">\r\n        <div class=\"col-md-5 text-center\">\r\n                        <img decoding=\"async\" src=\"https:\/\/hob.lu\/wp-content\/uploads\/MGH.jpg\" alt=\"MGH IMMO\" class=\"img-fluid\" \/>\r\n                    <\/div>\r\n        <div class=\"col-md-7 mt-auto\">\r\n            <h2 class=\"mt-0\">MGH IMMO<\/h2>\r\n            Wir sind Ihr regionaler Partner f\u00fcr die Verwaltung, den Kauf und Verkauf sowie Vermietung von Wohnungen, H\u00e4usern, Gewerbeobjekten und Grundst\u00fccken im Grossherzogtum Luxemburg. Unser Team verbindet langj\u00e4hrige Erfahrung mit exzellentem Know-how \u2013 und ist vor Ort f\u00fcr Sie da.                    <\/div>\r\n    <\/a>\r\n    <\/div>\r\n\n\n<div class=\"pb-3 team partner-listing \" id=\"teasers-block_5f57a0ecd40da\">\r\n            <a href=\"https:\/\/lifepartners.pro\/de\/\" target=\"_blank\" class=\"row mb-4\" style=\"color: black;\">\r\n        <div class=\"col-md-5 text-center\">\r\n                        <img decoding=\"async\" src=\"https:\/\/hob.lu\/wp-content\/uploads\/LOGO-LIFEPARTNERS.jpg\" alt=\"\" class=\"img-fluid\" \/>\r\n                    <\/div>\r\n        <div class=\"col-md-7 mt-auto\">\r\n            <h2 class=\"mt-0\">LIFEPARTNERS<\/h2>\r\n            Ihr Partner im Bereich Versicherung und Finanzvorsorge. \r\nWir bieten Ihnen Ma\u00dfgeschneiderte &amp; Individuell angepasste L\u00f6sungen an. \r\n                    <\/div>\r\n    <\/a>\r\n    <\/div>\r\n\n\n\n<p><\/p>\n","protected":false},"excerpt":{"rendered":"<p>Regional und gesch\u00e4tzt Unsere Partnerunternehmen f\u00fcr Ihr Projekt<\/p>\n","protected":false},"author":1,"featured_media":0,"parent":0,"menu_order":5,"comment_status":"closed","ping_status":"closed","template":"","meta":{"_acf_changed":false,"footnotes":""},"class_list":["post-1034","page","type-page","status-publish","hentry"],"acf":[],"yoast_head":"<!-- This site is optimized with the Yoast SEO plugin v27.4 - https:\/\/yoast.com\/product\/yoast-seo-wordpress\/ -->\n<title>HOB Luxemburg \u2013 unsere Partnerunternehmen - HOB Real Estate<\/title>\n<meta name=\"description\" content=\"Experten in der Welt der Immobilien: Lernen Sie das erfahrene Team von Home &amp; Office Building Luxemburg kennen.\" \/>\n<meta name=\"robots\" content=\"index, follow, max-snippet:-1, max-image-preview:large, max-video-preview:-1\" \/>\n<link rel=\"canonical\" href=\"https:\/\/hob.lu\/partenaires\/\" \/>\n<meta property=\"og:locale\" content=\"de_DE\" \/>\n<meta property=\"og:type\" content=\"article\" \/>\n<meta property=\"og:title\" content=\"HOB Luxemburg \u2013 unsere Partnerunternehmen\" \/>\n<meta property=\"og:description\" content=\"Experten in der Welt der Immobilien: Lernen Sie das erfahrene Team von Home &amp; Office Building Luxemburg kennen.\" \/>\n<meta property=\"og:url\" content=\"https:\/\/hob.lu\/partenaires\/\" \/>\n<meta property=\"og:site_name\" content=\"HOB Real Estate\" \/>\n<meta property=\"article:modified_time\" content=\"2022-10-13T13:51:27+00:00\" \/>\n<meta name=\"twitter:card\" content=\"summary_large_image\" \/>\n<meta name=\"twitter:label1\" content=\"Gesch\u00e4tzte Lesezeit\" \/>\n\t<meta name=\"twitter:data1\" content=\"1\u00a0Minute\" \/>\n<script type=\"application\/ld+json\" class=\"yoast-schema-graph\">{\"@context\":\"https:\\\/\\\/schema.org\",\"@graph\":[{\"@type\":\"WebPage\",\"@id\":\"https:\\\/\\\/hob.lu\\\/partenaires\\\/\",\"url\":\"https:\\\/\\\/hob.lu\\\/partenaires\\\/\",\"name\":\"HOB Luxemburg \u2013 unsere Partnerunternehmen\",\"isPartOf\":{\"@id\":\"https:\\\/\\\/hob.lu\\\/#website\"},\"datePublished\":\"2020-01-10T14:42:00+00:00\",\"dateModified\":\"2022-10-13T13:51:27+00:00\",\"description\":\"Experten in der Welt der Immobilien: Lernen Sie das erfahrene Team von Home & Office Building Luxemburg kennen.\",\"breadcrumb\":{\"@id\":\"https:\\\/\\\/hob.lu\\\/partenaires\\\/#breadcrumb\"},\"inLanguage\":\"de\",\"potentialAction\":[{\"@type\":\"ReadAction\",\"target\":[\"https:\\\/\\\/hob.lu\\\/partenaires\\\/\"]}]},{\"@type\":\"BreadcrumbList\",\"@id\":\"https:\\\/\\\/hob.lu\\\/partenaires\\\/#breadcrumb\",\"itemListElement\":[{\"@type\":\"ListItem\",\"position\":1,\"name\":\"Accueil\",\"item\":\"https:\\\/\\\/hob.lu\\\/de\\\/\"},{\"@type\":\"ListItem\",\"position\":2,\"name\":\"Partner\"}]},{\"@type\":\"WebSite\",\"@id\":\"https:\\\/\\\/hob.lu\\\/#website\",\"url\":\"https:\\\/\\\/hob.lu\\\/\",\"name\":\"HOB Real Estate\",\"description\":\"\",\"publisher\":{\"@id\":\"https:\\\/\\\/hob.lu\\\/#organization\"},\"potentialAction\":[{\"@type\":\"SearchAction\",\"target\":{\"@type\":\"EntryPoint\",\"urlTemplate\":\"https:\\\/\\\/hob.lu\\\/?s={search_term_string}\"},\"query-input\":{\"@type\":\"PropertyValueSpecification\",\"valueRequired\":true,\"valueName\":\"search_term_string\"}}],\"inLanguage\":\"de\"},{\"@type\":\"Organization\",\"@id\":\"https:\\\/\\\/hob.lu\\\/#organization\",\"name\":\"Hom & Office Building\",\"url\":\"https:\\\/\\\/hob.lu\\\/\",\"logo\":{\"@type\":\"ImageObject\",\"inLanguage\":\"de\",\"@id\":\"https:\\\/\\\/hob.lu\\\/#\\\/schema\\\/logo\\\/image\\\/\",\"url\":\"https:\\\/\\\/hob.lu\\\/wp-content\\\/uploads\\\/HOB_logo.jpg\",\"contentUrl\":\"https:\\\/\\\/hob.lu\\\/wp-content\\\/uploads\\\/HOB_logo.jpg\",\"width\":534,\"height\":189,\"caption\":\"Hom & Office Building\"},\"image\":{\"@id\":\"https:\\\/\\\/hob.lu\\\/#\\\/schema\\\/logo\\\/image\\\/\"}}]}<\/script>\n<!-- \/ Yoast SEO plugin. -->","yoast_head_json":{"title":"HOB Luxemburg \u2013 unsere Partnerunternehmen - HOB Real Estate","description":"Experten in der Welt der Immobilien: Lernen Sie das erfahrene Team von Home & Office Building Luxemburg kennen.","robots":{"index":"index","follow":"follow","max-snippet":"max-snippet:-1","max-image-preview":"max-image-preview:large","max-video-preview":"max-video-preview:-1"},"canonical":"https:\/\/hob.lu\/partenaires\/","og_locale":"de_DE","og_type":"article","og_title":"HOB Luxemburg \u2013 unsere Partnerunternehmen","og_description":"Experten in der Welt der Immobilien: Lernen Sie das erfahrene Team von Home & Office Building Luxemburg kennen.","og_url":"https:\/\/hob.lu\/partenaires\/","og_site_name":"HOB Real Estate","article_modified_time":"2022-10-13T13:51:27+00:00","twitter_card":"summary_large_image","twitter_misc":{"Gesch\u00e4tzte Lesezeit":"1\u00a0Minute"},"schema":{"@context":"https:\/\/schema.org","@graph":[{"@type":"WebPage","@id":"https:\/\/hob.lu\/partenaires\/","url":"https:\/\/hob.lu\/partenaires\/","name":"HOB Luxemburg \u2013 unsere Partnerunternehmen","isPartOf":{"@id":"https:\/\/hob.lu\/#website"},"datePublished":"2020-01-10T14:42:00+00:00","dateModified":"2022-10-13T13:51:27+00:00","description":"Experten in der Welt der Immobilien: Lernen Sie das erfahrene Team von Home & Office Building Luxemburg kennen.","breadcrumb":{"@id":"https:\/\/hob.lu\/partenaires\/#breadcrumb"},"inLanguage":"de","potentialAction":[{"@type":"ReadAction","target":["https:\/\/hob.lu\/partenaires\/"]}]},{"@type":"BreadcrumbList","@id":"https:\/\/hob.lu\/partenaires\/#breadcrumb","itemListElement":[{"@type":"ListItem","position":1,"name":"Accueil","item":"https:\/\/hob.lu\/de\/"},{"@type":"ListItem","position":2,"name":"Partner"}]},{"@type":"WebSite","@id":"https:\/\/hob.lu\/#website","url":"https:\/\/hob.lu\/","name":"HOB Real Estate","description":"","publisher":{"@id":"https:\/\/hob.lu\/#organization"},"potentialAction":[{"@type":"SearchAction","target":{"@type":"EntryPoint","urlTemplate":"https:\/\/hob.lu\/?s={search_term_string}"},"query-input":{"@type":"PropertyValueSpecification","valueRequired":true,"valueName":"search_term_string"}}],"inLanguage":"de"},{"@type":"Organization","@id":"https:\/\/hob.lu\/#organization","name":"Hom & Office Building","url":"https:\/\/hob.lu\/","logo":{"@type":"ImageObject","inLanguage":"de","@id":"https:\/\/hob.lu\/#\/schema\/logo\/image\/","url":"https:\/\/hob.lu\/wp-content\/uploads\/HOB_logo.jpg","contentUrl":"https:\/\/hob.lu\/wp-content\/uploads\/HOB_logo.jpg","width":534,"height":189,"caption":"Hom & Office Building"},"image":{"@id":"https:\/\/hob.lu\/#\/schema\/logo\/image\/"}}]}},"_links":{"self":[{"href":"https:\/\/hob.lu\/de\/wp-json\/wp\/v2\/pages\/1034","targetHints":{"allow":["GET"]}}],"collection":[{"href":"https:\/\/hob.lu\/de\/wp-json\/wp\/v2\/pages"}],"about":[{"href":"https:\/\/hob.lu\/de\/wp-json\/wp\/v2\/types\/page"}],"author":[{"embeddable":true,"href":"https:\/\/hob.lu\/de\/wp-json\/wp\/v2\/users\/1"}],"replies":[{"embeddable":true,"href":"https:\/\/hob.lu\/de\/wp-json\/wp\/v2\/comments?post=1034"}],"version-history":[{"count":0,"href":"https:\/\/hob.lu\/de\/wp-json\/wp\/v2\/pages\/1034\/revisions"}],"wp:attachment":[{"href":"https:\/\/hob.lu\/de\/wp-json\/wp\/v2\/media?parent=1034"}],"curies":[{"name":"wp","href":"https:\/\/api.w.org\/{rel}","templated":true}]}}